{"id":2131,"date":"2019-12-18T19:04:01","date_gmt":"2019-12-18T17:04:01","guid":{"rendered":"https:\/\/xfire.ee\/product\/turbolike-komplekt\/"},"modified":"2020-10-03T18:51:18","modified_gmt":"2020-10-03T15:51:18","slug":"turbolike-komplekt","status":"publish","type":"product","link":"https:\/\/xfire.ee\/en\/product\/turbolike-komplekt\/","title":{"rendered":"Turbolike komplekt"},"content":{"rendered":"<p>Turbolike komplekt koosneb kahest ilutulestikust, mille t\u00e4ishind on 35 ja 33 eurot. Lisaks on lastekomplekt turbo (12 eluaastast) t\u00e4ishinnaga 3.90 eurot.<\/p>\n<p>Turbo on ideaalne stardipakett algajale tulev\u00f5lurile, kes ei pea enam vesise suuga pealt vaatama, kuidas isa oma patareile tule otsa pistab, vaid saab n\u00fc\u00fcd ise ilutulestikumaailmas k\u00e4e valgeks teha. Komplektis on paukherned, v\u00e4lgud, laser, paberikahur ja kaks pakki s\u00e4rak\u00fc\u00fcnlaid.<\/p>\n<p>Selle komplekti ostmisega v\u00f5idate 29 eurot!<\/p>\n","protected":false},"excerpt":{"rendered":"<p>Turbolike komplekt koosneb kahest ilutulestikust, mille t\u00e4ishind on 35 ja 33 eurot. Lisaks on lastekomplekt turbo (12 eluaastast) t\u00e4ishinnaga 3.90 eurot. Turbo on ideaalne stardipakett algajale tulev\u00f5lurile, kes ei pea enam vesise suuga pealt vaatama, kuidas isa oma patareile tule otsa pistab, vaid saab n\u00fc\u00fcd ise ilutulestikumaailmas k\u00e4e valgeks teha. Komplektis on paukherned, v\u00e4lgud, laser, [&hellip;]<\/p>\n","protected":false},"featured_media":1958,"comment_status":"closed","ping_status":"closed","template":"","meta":[],"class_list":["post-2131","product","type-product","status-publish","has-post-thumbnail","hentry","product_cat-sets"],"acf":[],"aioseo_notices":[],"_links":{"self":[{"href":"https:\/\/xfire.ee\/en\/wp-json\/wp\/v2\/product\/2131","targetHints":{"allow":["GET"]}}],"collection":[{"href":"https:\/\/xfire.ee\/en\/wp-json\/wp\/v2\/product"}],"about":[{"href":"https:\/\/xfire.ee\/en\/wp-json\/wp\/v2\/types\/product"}],"replies":[{"embeddable":true,"href":"https:\/\/xfire.ee\/en\/wp-json\/wp\/v2\/comments?post=2131"}],"wp:featuredmedia":[{"embeddable":true,"href":"https:\/\/xfire.ee\/en\/wp-json\/wp\/v2\/media\/1958"}],"wp:attachment":[{"href":"https:\/\/xfire.ee\/en\/wp-json\/wp\/v2\/media?parent=2131"}],"curies":[{"name":"wp","href":"https:\/\/api.w.org\/{rel}","templated":true}]}}