{"id":2136,"date":"2019-11-27T16:35:24","date_gmt":"2019-11-27T14:35:24","guid":{"rendered":"https:\/\/xfire.ee\/product\/roheline-tossu-granaat\/"},"modified":"2023-10-25T22:56:22","modified_gmt":"2023-10-25T19:56:22","slug":"roheline-tossu-granaat","status":"publish","type":"product","link":"https:\/\/xfire.ee\/en\/product\/roheline-tossu-granaat\/","title":{"rendered":"Green smoke grenade"},"content":{"rendered":"<p>Rohelise suitsu efekt kestab liigi 1,5 minutit. Efekti kasutatakse n\u00e4iteks muusikavideodes, pildistamise, \u00fcritustel jne.<\/p>\n<p>Kasutamiseks ainult v\u00e4litingimustes! Toode tuleb asetada maha, k\u00e4es hoida ei tohi.<\/p>\n","protected":false},"excerpt":{"rendered":"<p>Rohelise suitsu efekt kestab liigi 1,5 minutit. Efekti kasutatakse n\u00e4iteks muusikavideodes, pildistamise, \u00fcritustel jne. Kasutamiseks ainult v\u00e4litingimustes! Toode tuleb asetada maha, k\u00e4es hoida ei tohi.<\/p>\n","protected":false},"featured_media":1946,"comment_status":"closed","ping_status":"closed","template":"","meta":[],"class_list":["post-2136","product","type-product","status-publish","has-post-thumbnail","hentry","product_cat-smokes"],"acf":[],"aioseo_notices":[],"_links":{"self":[{"href":"https:\/\/xfire.ee\/en\/wp-json\/wp\/v2\/product\/2136","targetHints":{"allow":["GET"]}}],"collection":[{"href":"https:\/\/xfire.ee\/en\/wp-json\/wp\/v2\/product"}],"about":[{"href":"https:\/\/xfire.ee\/en\/wp-json\/wp\/v2\/types\/product"}],"replies":[{"embeddable":true,"href":"https:\/\/xfire.ee\/en\/wp-json\/wp\/v2\/comments?post=2136"}],"wp:featuredmedia":[{"embeddable":true,"href":"https:\/\/xfire.ee\/en\/wp-json\/wp\/v2\/media\/1946"}],"wp:attachment":[{"href":"https:\/\/xfire.ee\/en\/wp-json\/wp\/v2\/media?parent=2136"}],"curies":[{"name":"wp","href":"https:\/\/api.w.org\/{rel}","templated":true}]}}