{"id":2137,"date":"2019-11-27T16:08:24","date_gmt":"2019-11-27T14:08:24","guid":{"rendered":"https:\/\/xfire.ee\/product\/kollane-tossu-granaat\/"},"modified":"2023-10-25T22:54:47","modified_gmt":"2023-10-25T19:54:47","slug":"kollane-tossu-granaat","status":"publish","type":"product","link":"https:\/\/xfire.ee\/en\/product\/kollane-tossu-granaat\/","title":{"rendered":"Yellow smoke grenade"},"content":{"rendered":"<p>Kollase suitsu efekt kestab ca 2 minutit. Efekti kasutatakse n\u00e4iteks muusikavideodes, pildistamise, \u00fcritustel jne.<\/p>\n<p>Kasutamiseks ainult v\u00e4litingimustes! Toode tuleb asetada maha, k\u00e4es hoida ei tohi.<\/p>\n","protected":false},"excerpt":{"rendered":"<p>Kollase suitsu efekt kestab ca 2 minutit. Efekti kasutatakse n\u00e4iteks muusikavideodes, pildistamise, \u00fcritustel jne. Kasutamiseks ainult v\u00e4litingimustes! Toode tuleb asetada maha, k\u00e4es hoida ei tohi.<\/p>\n","protected":false},"featured_media":1944,"comment_status":"closed","ping_status":"closed","template":"","meta":[],"class_list":["post-2137","product","type-product","status-publish","has-post-thumbnail","hentry","product_cat-smokes"],"acf":[],"aioseo_notices":[],"_links":{"self":[{"href":"https:\/\/xfire.ee\/en\/wp-json\/wp\/v2\/product\/2137","targetHints":{"allow":["GET"]}}],"collection":[{"href":"https:\/\/xfire.ee\/en\/wp-json\/wp\/v2\/product"}],"about":[{"href":"https:\/\/xfire.ee\/en\/wp-json\/wp\/v2\/types\/product"}],"replies":[{"embeddable":true,"href":"https:\/\/xfire.ee\/en\/wp-json\/wp\/v2\/comments?post=2137"}],"wp:featuredmedia":[{"embeddable":true,"href":"https:\/\/xfire.ee\/en\/wp-json\/wp\/v2\/media\/1944"}],"wp:attachment":[{"href":"https:\/\/xfire.ee\/en\/wp-json\/wp\/v2\/media?parent=2137"}],"curies":[{"name":"wp","href":"https:\/\/api.w.org\/{rel}","templated":true}]}}