{"id":2165,"date":"2019-11-27T15:41:31","date_gmt":"2019-11-27T13:41:31","guid":{"rendered":"https:\/\/xfire.ee\/product\/lilla-tossu-granaat\/"},"modified":"2023-10-25T23:00:06","modified_gmt":"2023-10-25T20:00:06","slug":"lilla-tossu-granaat","status":"publish","type":"product","link":"https:\/\/xfire.ee\/en\/product\/lilla-tossu-granaat\/","title":{"rendered":"Purple smoke grenade"},"content":{"rendered":"<p>\u042d\u0444\u0444\u0435\u043a\u0442 \u043f\u0443\u0440\u043f\u0443\u0440\u043d\u043e\u0433\u043e \u0434\u044b\u043c\u0430 \u0434\u043b\u0438\u0442\u0441\u044f \u043e\u043a\u043e\u043b\u043e 1,5 \u043c\u0438\u043d\u0443\u0442.[:et]Lilla suitsu efekt kestab ca 1,5 minutit. Efekti kasutatakse n\u00e4iteks muusikavideodes, pildistamise, \u00fcritustel jne.<br \/>\n<br \/> <br \/>\nKasutamiseks ainult v\u00e4litingimustes! Toode tuleb asetada maha, k\u00e4es hoida ei tohi.<\/p>\n","protected":false},"excerpt":{"rendered":"<p>\u042d\u0444\u0444\u0435\u043a\u0442 \u043f\u0443\u0440\u043f\u0443\u0440\u043d\u043e\u0433\u043e \u0434\u044b\u043c\u0430 \u0434\u043b\u0438\u0442\u0441\u044f \u043e\u043a\u043e\u043b\u043e 1,5 \u043c\u0438\u043d\u0443\u0442.[:et]Lilla suitsu efekt kestab ca 1,5 minutit. Efekti kasutatakse n\u00e4iteks muusikavideodes, pildistamise, \u00fcritustel jne. Kasutamiseks ainult v\u00e4litingimustes! Toode tuleb asetada maha, k\u00e4es hoida ei tohi.<\/p>\n","protected":false},"featured_media":1936,"comment_status":"closed","ping_status":"closed","template":"","meta":[],"class_list":["post-2165","product","type-product","status-publish","has-post-thumbnail","hentry","product_cat-smokes"],"acf":[],"aioseo_notices":[],"_links":{"self":[{"href":"https:\/\/xfire.ee\/en\/wp-json\/wp\/v2\/product\/2165","targetHints":{"allow":["GET"]}}],"collection":[{"href":"https:\/\/xfire.ee\/en\/wp-json\/wp\/v2\/product"}],"about":[{"href":"https:\/\/xfire.ee\/en\/wp-json\/wp\/v2\/types\/product"}],"replies":[{"embeddable":true,"href":"https:\/\/xfire.ee\/en\/wp-json\/wp\/v2\/comments?post=2165"}],"wp:featuredmedia":[{"embeddable":true,"href":"https:\/\/xfire.ee\/en\/wp-json\/wp\/v2\/media\/1936"}],"wp:attachment":[{"href":"https:\/\/xfire.ee\/en\/wp-json\/wp\/v2\/media?parent=2165"}],"curies":[{"name":"wp","href":"https:\/\/api.w.org\/{rel}","templated":true}]}}