{"id":2166,"date":"2019-11-27T11:47:21","date_gmt":"2019-11-27T09:47:21","guid":{"rendered":"https:\/\/xfire.ee\/product\/sinine-tossu-granaat\/"},"modified":"2023-10-25T22:57:24","modified_gmt":"2023-10-25T19:57:24","slug":"sinine-tossu-granaat","status":"publish","type":"product","link":"https:\/\/xfire.ee\/en\/product\/sinine-tossu-granaat\/","title":{"rendered":"Blue smoke grenade"},"content":{"rendered":"<p>\u042d\u0444\u0444\u0435\u043a\u0442 \u0441\u0438\u043d\u0435\u0433\u043e \u0434\u044b\u043c\u0430 \u0434\u043b\u0438\u0442\u0441\u044f \u043e\u043a\u043e\u043b\u043e 2 \u043c\u0438\u043d\u0443\u0442.[:et]Sinise suitsu efekt kestab ca 2 minutit. Efekti kasutatakse n\u00e4iteks muusikavideodes, pildistamise, \u00fcritustel jne.<br \/>\n<br \/> <br \/>\nKasutamiseks ainult v\u00e4litingimustes! Toode tuleb asetada maha, k\u00e4es hoida ei tohi.[:en]The blue smoke effect lasts about 2 minutes.<\/p>\n","protected":false},"excerpt":{"rendered":"<p>\u042d\u0444\u0444\u0435\u043a\u0442 \u0441\u0438\u043d\u0435\u0433\u043e \u0434\u044b\u043c\u0430 \u0434\u043b\u0438\u0442\u0441\u044f \u043e\u043a\u043e\u043b\u043e 2 \u043c\u0438\u043d\u0443\u0442.[:et]Sinise suitsu efekt kestab ca 2 minutit. Efekti kasutatakse n\u00e4iteks muusikavideodes, pildistamise, \u00fcritustel jne. Kasutamiseks ainult v\u00e4litingimustes! Toode tuleb asetada maha, k\u00e4es hoida ei tohi.[:en]The blue smoke effect lasts about 2 minutes.<\/p>\n","protected":false},"featured_media":1934,"comment_status":"closed","ping_status":"closed","template":"","meta":[],"class_list":["post-2166","product","type-product","status-publish","has-post-thumbnail","hentry","product_cat-smokes"],"acf":[],"aioseo_notices":[],"_links":{"self":[{"href":"https:\/\/xfire.ee\/en\/wp-json\/wp\/v2\/product\/2166","targetHints":{"allow":["GET"]}}],"collection":[{"href":"https:\/\/xfire.ee\/en\/wp-json\/wp\/v2\/product"}],"about":[{"href":"https:\/\/xfire.ee\/en\/wp-json\/wp\/v2\/types\/product"}],"replies":[{"embeddable":true,"href":"https:\/\/xfire.ee\/en\/wp-json\/wp\/v2\/comments?post=2166"}],"wp:featuredmedia":[{"embeddable":true,"href":"https:\/\/xfire.ee\/en\/wp-json\/wp\/v2\/media\/1934"}],"wp:attachment":[{"href":"https:\/\/xfire.ee\/en\/wp-json\/wp\/v2\/media?parent=2166"}],"curies":[{"name":"wp","href":"https:\/\/api.w.org\/{rel}","templated":true}]}}