{"id":2175,"date":"2019-11-02T00:55:21","date_gmt":"2019-11-01T22:55:21","guid":{"rendered":"https:\/\/xfire.ee\/product\/power-fire-flowers\/"},"modified":"2020-10-03T18:52:50","modified_gmt":"2020-10-03T15:52:50","slug":"power-fire-flowers","status":"publish","type":"product","link":"https:\/\/xfire.ee\/en\/product\/power-fire-flowers\/","title":{"rendered":"Power fire flowers"},"content":{"rendered":"<p>Hooaja hitt 2019!<br \/>\nSellel ilutulestikul pole vaja &#8220;\u00fcles soojeneda&#8221;, vaid see n\u00e4itab juba esimesest sekundist, milleks see v\u00f5imeline on!<br \/>\n<br \/>\nEi mingit eelm\u00e4ngu, toimub silmapilkne v\u00f5imsa lehviku ja d\u00fcnaamiliste laskudega taeva vallutamine. Ilutulestikul pole veel aega taevas lahustuda kui  lahvatab juba j\u00e4rgmine kogupauk. Silm ja hing r\u00f5\u00f5mustavad: ilutulestik on vali ja v\u00f5imas.<br \/>\n<br \/>\nM\u00f5nede lasude laialipaiskumine toimub umbes 25 meetrit laiuselt ja lendab kuni 50 meetri k\u00f5rgusele. Need lasud lennutatakse v\u00e4lja 50 millimeetrise l\u00e4bim\u00f5\u00f5duga torust. See on maksimaalse l\u00e4bim\u00f5\u00f5duga ilutulestiku toru, mida Eestis m\u00fc\u00fca v\u00f5ib.<\/p>\n","protected":false},"excerpt":{"rendered":"<p>Hooaja hitt 2019! Sellel ilutulestikul pole vaja &#8220;\u00fcles soojeneda&#8221;, vaid see n\u00e4itab juba esimesest sekundist, milleks see v\u00f5imeline on! Ei mingit eelm\u00e4ngu, toimub silmapilkne v\u00f5imsa lehviku ja d\u00fcnaamiliste laskudega taeva vallutamine. Ilutulestikul pole veel aega taevas lahustuda kui lahvatab juba j\u00e4rgmine kogupauk. Silm ja hing r\u00f5\u00f5mustavad: ilutulestik on vali ja v\u00f5imas. M\u00f5nede lasude laialipaiskumine toimub [&hellip;]<\/p>\n","protected":false},"featured_media":1906,"comment_status":"open","ping_status":"closed","template":"","meta":[],"class_list":["post-2175","product","type-product","status-publish","has-post-thumbnail","hentry","product_cat-200-400e-en","product_cat-bestsellers","product_cat-wedding"],"acf":[],"aioseo_notices":[],"_links":{"self":[{"href":"https:\/\/xfire.ee\/en\/wp-json\/wp\/v2\/product\/2175","targetHints":{"allow":["GET"]}}],"collection":[{"href":"https:\/\/xfire.ee\/en\/wp-json\/wp\/v2\/product"}],"about":[{"href":"https:\/\/xfire.ee\/en\/wp-json\/wp\/v2\/types\/product"}],"replies":[{"embeddable":true,"href":"https:\/\/xfire.ee\/en\/wp-json\/wp\/v2\/comments?post=2175"}],"wp:featuredmedia":[{"embeddable":true,"href":"https:\/\/xfire.ee\/en\/wp-json\/wp\/v2\/media\/1906"}],"wp:attachment":[{"href":"https:\/\/xfire.ee\/en\/wp-json\/wp\/v2\/media?parent=2175"}],"curies":[{"name":"wp","href":"https:\/\/api.w.org\/{rel}","templated":true}]}}