{"id":2212,"date":"2018-11-30T16:29:20","date_gmt":"2018-11-30T14:29:20","guid":{"rendered":"https:\/\/xfire.ee\/product\/sky-dream\/"},"modified":"2020-10-03T18:53:21","modified_gmt":"2020-10-03T15:53:21","slug":"sky-dream","status":"publish","type":"product","link":"https:\/\/xfire.ee\/en\/product\/sky-dream\/","title":{"rendered":"Sky dream"},"content":{"rendered":"<p>D\u00fcnaamiline ja v\u00f5imas ilutulestik 164 lasuga. Erinevad kaliibrite ehk toru l\u00e4bim\u00f5\u00f5tude suurused: 50mm (see on k\u00f5ige v\u00f5imsam ning k\u00f5rgem lask, mille m\u00fc\u00fck on lubatud tavalisele inimesele) ning 30 mm \u2013 mida loetakse samuti v\u00f5imsaks lasuks.<br \/>\n<br \/>\nIlutulestik laseb v\u00e4rve nii \u00fcles kui ka lehvikuna. Ning seda k\u00f5ike peadp\u00f6\u00f6ritava kiirusega! Ilutulestiku keskpaigaks n\u00e4ete taevas juba nelja efekti \u00fcheaegselt.<br \/>\n<br \/>\nOn v\u00e4ikesed pausi, ent \u00e4rge peljake neid: toode koosneb mitmest patareist ning paus t\u00e4hendab lihtsalt seda, et t\u00f6\u00f6sse l\u00e4heb j\u00e4rgmine patarei.<\/p>\n","protected":false},"excerpt":{"rendered":"<p>D\u00fcnaamiline ja v\u00f5imas ilutulestik 164 lasuga. Erinevad kaliibrite ehk toru l\u00e4bim\u00f5\u00f5tude suurused: 50mm (see on k\u00f5ige v\u00f5imsam ning k\u00f5rgem lask, mille m\u00fc\u00fck on lubatud tavalisele inimesele) ning 30 mm \u2013 mida loetakse samuti v\u00f5imsaks lasuks. Ilutulestik laseb v\u00e4rve nii \u00fcles kui ka lehvikuna. Ning seda k\u00f5ike peadp\u00f6\u00f6ritava kiirusega! Ilutulestiku keskpaigaks n\u00e4ete taevas juba nelja efekti [&hellip;]<\/p>\n","protected":false},"featured_media":1894,"comment_status":"closed","ping_status":"closed","template":"","meta":[],"class_list":["post-2212","product","type-product","status-publish","has-post-thumbnail","hentry","product_cat-400-700e-en","product_cat-wedding"],"acf":[],"aioseo_notices":[],"_links":{"self":[{"href":"https:\/\/xfire.ee\/en\/wp-json\/wp\/v2\/product\/2212","targetHints":{"allow":["GET"]}}],"collection":[{"href":"https:\/\/xfire.ee\/en\/wp-json\/wp\/v2\/product"}],"about":[{"href":"https:\/\/xfire.ee\/en\/wp-json\/wp\/v2\/types\/product"}],"replies":[{"embeddable":true,"href":"https:\/\/xfire.ee\/en\/wp-json\/wp\/v2\/comments?post=2212"}],"wp:featuredmedia":[{"embeddable":true,"href":"https:\/\/xfire.ee\/en\/wp-json\/wp\/v2\/media\/1894"}],"wp:attachment":[{"href":"https:\/\/xfire.ee\/en\/wp-json\/wp\/v2\/media?parent=2212"}],"curies":[{"name":"wp","href":"https:\/\/api.w.org\/{rel}","templated":true}]}}