{"id":2223,"date":"2018-10-12T19:42:34","date_gmt":"2018-10-12T16:42:34","guid":{"rendered":"https:\/\/xfire.ee\/product\/maxi-sarakuunlad-5tk\/"},"modified":"2021-11-01T21:18:30","modified_gmt":"2021-11-01T19:18:30","slug":"maxi-sarakuunlad-5tk","status":"publish","type":"product","link":"https:\/\/xfire.ee\/en\/product\/maxi-sarakuunlad-5tk\/","title":{"rendered":"MAXI Sparklers"},"content":{"rendered":"<p>K\u00f5rgus: 45 cm<br \/>\nKestus 1 minutt 20 sekundit<br \/>\n5 tk pakis<\/p>\n<p>S\u00e4rak\u00fc\u00fcnla valguskoridor on pulmap\u00e4eva k\u00f5ige erilisem l\u00f5petamine.<\/p>\n","protected":false},"excerpt":{"rendered":"<p>K\u00f5rgus: 45 cm Kestus 1 minutt 20 sekundit 5 tk pakis S\u00e4rak\u00fc\u00fcnla valguskoridor on pulmap\u00e4eva k\u00f5ige erilisem l\u00f5petamine.<\/p>\n","protected":false},"featured_media":1860,"comment_status":"closed","ping_status":"closed","template":"","meta":[],"class_list":["post-2223","product","type-product","status-publish","has-post-thumbnail","hentry","product_cat-small","product_cat-wedding"],"acf":[],"aioseo_notices":[],"_links":{"self":[{"href":"https:\/\/xfire.ee\/en\/wp-json\/wp\/v2\/product\/2223","targetHints":{"allow":["GET"]}}],"collection":[{"href":"https:\/\/xfire.ee\/en\/wp-json\/wp\/v2\/product"}],"about":[{"href":"https:\/\/xfire.ee\/en\/wp-json\/wp\/v2\/types\/product"}],"replies":[{"embeddable":true,"href":"https:\/\/xfire.ee\/en\/wp-json\/wp\/v2\/comments?post=2223"}],"wp:featuredmedia":[{"embeddable":true,"href":"https:\/\/xfire.ee\/en\/wp-json\/wp\/v2\/media\/1860"}],"wp:attachment":[{"href":"https:\/\/xfire.ee\/en\/wp-json\/wp\/v2\/media?parent=2223"}],"curies":[{"name":"wp","href":"https:\/\/api.w.org\/{rel}","templated":true}]}}