{"id":2225,"date":"2018-09-15T15:44:24","date_gmt":"2018-09-15T12:44:24","guid":{"rendered":"https:\/\/xfire.ee\/product\/first-love-raketikomplekt-3tk\/"},"modified":"2020-10-03T18:54:28","modified_gmt":"2020-10-03T15:54:28","slug":"first-love-raketikomplekt-3tk","status":"publish","type":"product","link":"https:\/\/xfire.ee\/en\/product\/first-love-raketikomplekt-3tk\/","title":{"rendered":"First love 3tk"},"content":{"rendered":"<p>Raketikomplekt (3tk pakis)<br \/>\n<br \/>\u00d5hus moodustub punane s\u00fcda.<br \/>\n<br \/>Sobib pulmas pruudi nime \u00e4rasaatmiseks. Samuti saate armastatud inimese vastu oma tundeid originaalselt v\u00e4ljendada.<br \/>\n<br \/>NB! S\u00fcdame kujund v\u00f5ib avaneda erineva nurga all ja olenevalt publiku asukohast ei pruugi olla alati n\u00e4htav.<\/p>\n","protected":false},"excerpt":{"rendered":"<p>Raketikomplekt (3tk pakis) \u00d5hus moodustub punane s\u00fcda. Sobib pulmas pruudi nime \u00e4rasaatmiseks. Samuti saate armastatud inimese vastu oma tundeid originaalselt v\u00e4ljendada. NB! S\u00fcdame kujund v\u00f5ib avaneda erineva nurga all ja olenevalt publiku asukohast ei pruugi olla alati n\u00e4htav.<\/p>\n","protected":false},"featured_media":1840,"comment_status":"closed","ping_status":"closed","template":"","meta":[],"class_list":["post-2225","product","type-product","status-publish","has-post-thumbnail","hentry","product_cat-70-200e-en","product_cat-wedding"],"acf":[],"aioseo_notices":[],"_links":{"self":[{"href":"https:\/\/xfire.ee\/en\/wp-json\/wp\/v2\/product\/2225","targetHints":{"allow":["GET"]}}],"collection":[{"href":"https:\/\/xfire.ee\/en\/wp-json\/wp\/v2\/product"}],"about":[{"href":"https:\/\/xfire.ee\/en\/wp-json\/wp\/v2\/types\/product"}],"replies":[{"embeddable":true,"href":"https:\/\/xfire.ee\/en\/wp-json\/wp\/v2\/comments?post=2225"}],"wp:featuredmedia":[{"embeddable":true,"href":"https:\/\/xfire.ee\/en\/wp-json\/wp\/v2\/media\/1840"}],"wp:attachment":[{"href":"https:\/\/xfire.ee\/en\/wp-json\/wp\/v2\/media?parent=2225"}],"curies":[{"name":"wp","href":"https:\/\/api.w.org\/{rel}","templated":true}]}}