{"id":2227,"date":"2018-08-25T23:55:50","date_gmt":"2018-08-25T20:55:50","guid":{"rendered":"https:\/\/xfire.ee\/product\/apollo\/"},"modified":"2022-11-14T14:07:37","modified_gmt":"2022-11-14T12:07:37","slug":"apollo","status":"publish","type":"product","link":"https:\/\/xfire.ee\/en\/product\/apollo\/","title":{"rendered":"Apollo"},"content":{"rendered":"<p>Kui olete v\u00f5imsate, valjude ja suurte ilutulestike f\u00e4nn &#8211; sobib teile just Apollo. K\u00f5ik 19 lasku koosnevad valjudest kangelaslikest paukudest, mis avanevad heledate laiade kr\u00fcsanteemidena ja plingivad h\u00f5bedaselt.<\/p>\n<p>Laialipaiskumine toimub umbes 25 meetrit laiuselt ja lendab kuni 50 meetri k\u00f5rgusele. Iga lask lennutatakse v\u00e4lja 50 millimeetrise l\u00e4bim\u00f5\u00f5duga torust. See on maksimaalse l\u00e4bim\u00f5\u00f5duga ilutulestiku toru, mida Eestis m\u00fc\u00fca v\u00f5ib.<\/p>\n","protected":false},"excerpt":{"rendered":"<p>Kui olete v\u00f5imsate, valjude ja suurte ilutulestike f\u00e4nn &#8211; sobib teile just Apollo. K\u00f5ik 19 lasku koosnevad valjudest kangelaslikest paukudest, mis avanevad heledate laiade kr\u00fcsanteemidena ja plingivad h\u00f5bedaselt. Laialipaiskumine toimub umbes 25 meetrit laiuselt ja lendab kuni 50 meetri k\u00f5rgusele. Iga lask lennutatakse v\u00e4lja 50 millimeetrise l\u00e4bim\u00f5\u00f5duga torust. See on maksimaalse l\u00e4bim\u00f5\u00f5duga ilutulestiku toru, mida [&hellip;]<\/p>\n","protected":false},"featured_media":1828,"comment_status":"closed","ping_status":"closed","template":"","meta":[],"class_list":["post-2227","product","type-product","status-publish","has-post-thumbnail","hentry","product_cat-2-70e-en","product_cat-voimsad-en"],"acf":[],"aioseo_notices":[],"_links":{"self":[{"href":"https:\/\/xfire.ee\/en\/wp-json\/wp\/v2\/product\/2227","targetHints":{"allow":["GET"]}}],"collection":[{"href":"https:\/\/xfire.ee\/en\/wp-json\/wp\/v2\/product"}],"about":[{"href":"https:\/\/xfire.ee\/en\/wp-json\/wp\/v2\/types\/product"}],"replies":[{"embeddable":true,"href":"https:\/\/xfire.ee\/en\/wp-json\/wp\/v2\/comments?post=2227"}],"wp:featuredmedia":[{"embeddable":true,"href":"https:\/\/xfire.ee\/en\/wp-json\/wp\/v2\/media\/1828"}],"wp:attachment":[{"href":"https:\/\/xfire.ee\/en\/wp-json\/wp\/v2\/media?parent=2227"}],"curies":[{"name":"wp","href":"https:\/\/api.w.org\/{rel}","templated":true}]}}