{"id":2274,"date":"2018-01-31T13:35:09","date_gmt":"2018-01-31T11:35:09","guid":{"rendered":"https:\/\/xfire.ee\/product\/punane-toss\/"},"modified":"2023-10-25T23:07:04","modified_gmt":"2023-10-25T20:07:04","slug":"punane-toss","status":"publish","type":"product","link":"https:\/\/xfire.ee\/en\/product\/punane-toss\/","title":{"rendered":"Red smoke"},"content":{"rendered":"<p>Taskukohane v\u00f5imalus teha fotosessioon huvitavamaks ja vaatem\u00e4ngulisemaks. Koos sinisega  k\u00f5ige populaarsem v\u00e4rv s\u00e4rava ja hulljulge kujundi loomiseks.<br \/>\n<br \/>Saatke oma fotod meie <a href=\"https:\/\/www.facebook.com\/xfireilutulestik\">facebook<\/a> lehek\u00fcljele. Me avaldame need ja teie saate 10% sooduskoodi j\u00e4rgmiseks tellimuseks.<br \/>\n<br \/> Mitte k\u00e4es hoida!<br \/>\n<br \/>Kasutada ainult v\u00e4ljaspool ruume!<br \/>\n<br \/>Toss ei m\u00e4\u00e4ri riideid.<br \/>\n<br \/>Kasutamiseks s\u00fc\u00fcdake s\u00fc\u00fcten\u00f6\u00f6r v\u00f5i t\u00f5mmake r\u00f5ngast.<\/p>\n","protected":false},"excerpt":{"rendered":"<p>Taskukohane v\u00f5imalus teha fotosessioon huvitavamaks ja vaatem\u00e4ngulisemaks. Koos sinisega k\u00f5ige populaarsem v\u00e4rv s\u00e4rava ja hulljulge kujundi loomiseks. Saatke oma fotod meie facebook lehek\u00fcljele. Me avaldame need ja teie saate 10% sooduskoodi j\u00e4rgmiseks tellimuseks. Mitte k\u00e4es hoida! Kasutada ainult v\u00e4ljaspool ruume! Toss ei m\u00e4\u00e4ri riideid. Kasutamiseks s\u00fc\u00fcdake s\u00fc\u00fcten\u00f6\u00f6r v\u00f5i t\u00f5mmake r\u00f5ngast.<\/p>\n","protected":false},"featured_media":1788,"comment_status":"closed","ping_status":"closed","template":"","meta":[],"class_list":["post-2274","product","type-product","status-publish","has-post-thumbnail","hentry","product_cat-smokes"],"acf":[],"aioseo_notices":[],"_links":{"self":[{"href":"https:\/\/xfire.ee\/en\/wp-json\/wp\/v2\/product\/2274","targetHints":{"allow":["GET"]}}],"collection":[{"href":"https:\/\/xfire.ee\/en\/wp-json\/wp\/v2\/product"}],"about":[{"href":"https:\/\/xfire.ee\/en\/wp-json\/wp\/v2\/types\/product"}],"replies":[{"embeddable":true,"href":"https:\/\/xfire.ee\/en\/wp-json\/wp\/v2\/comments?post=2274"}],"wp:featuredmedia":[{"embeddable":true,"href":"https:\/\/xfire.ee\/en\/wp-json\/wp\/v2\/media\/1788"}],"wp:attachment":[{"href":"https:\/\/xfire.ee\/en\/wp-json\/wp\/v2\/media?parent=2274"}],"curies":[{"name":"wp","href":"https:\/\/api.w.org\/{rel}","templated":true}]}}