{"id":2278,"date":"2017-12-30T00:14:26","date_gmt":"2017-12-29T22:14:26","guid":{"rendered":"https:\/\/xfire.ee\/product\/super-lux\/"},"modified":"2020-10-03T18:56:08","modified_gmt":"2020-10-03T15:56:08","slug":"super-lux","status":"publish","type":"product","link":"https:\/\/xfire.ee\/en\/product\/super-lux\/","title":{"rendered":"Super Lux"},"content":{"rendered":"<p>Super Lux, m\u00fc\u00fcgihitt! \u2013 loodud neile, kes soovivad v\u00f5imast ilutulestikku! See on v\u00f5imas d\u00fcnaamiline ja ere ilutulestik! Selle efekt avaldub 35 meetri k\u00f5rgusel \u00f5hus, v\u00e4ikesed paugud esinevad ka 15 meetri juures. See t\u00e4hendab, et ilutulestik on kaheastmeline.<br \/>\n\ud83d\udd3d<br \/>\nR\u00f5\u00f5m ja entusiasm on need tunded, mida see toode Teile aastavahetusel pakub. Ilutulestikku j\u00e4tkub 60 kuni 80 sekundiks, selle aja jooksul j\u00f5uate teha 10 soovi.<\/p>\n","protected":false},"excerpt":{"rendered":"<p>Super Lux, m\u00fc\u00fcgihitt! \u2013 loodud neile, kes soovivad v\u00f5imast ilutulestikku! See on v\u00f5imas d\u00fcnaamiline ja ere ilutulestik! Selle efekt avaldub 35 meetri k\u00f5rgusel \u00f5hus, v\u00e4ikesed paugud esinevad ka 15 meetri juures. See t\u00e4hendab, et ilutulestik on kaheastmeline. \ud83d\udd3d R\u00f5\u00f5m ja entusiasm on need tunded, mida see toode Teile aastavahetusel pakub. Ilutulestikku j\u00e4tkub 60 kuni 80 [&hellip;]<\/p>\n","protected":false},"featured_media":1770,"comment_status":"closed","ping_status":"closed","template":"","meta":[],"class_list":["post-2278","product","type-product","status-publish","has-post-thumbnail","hentry","product_cat-200-400e-en","product_cat-wedding"],"acf":[],"aioseo_notices":[],"_links":{"self":[{"href":"https:\/\/xfire.ee\/en\/wp-json\/wp\/v2\/product\/2278","targetHints":{"allow":["GET"]}}],"collection":[{"href":"https:\/\/xfire.ee\/en\/wp-json\/wp\/v2\/product"}],"about":[{"href":"https:\/\/xfire.ee\/en\/wp-json\/wp\/v2\/types\/product"}],"replies":[{"embeddable":true,"href":"https:\/\/xfire.ee\/en\/wp-json\/wp\/v2\/comments?post=2278"}],"wp:featuredmedia":[{"embeddable":true,"href":"https:\/\/xfire.ee\/en\/wp-json\/wp\/v2\/media\/1770"}],"wp:attachment":[{"href":"https:\/\/xfire.ee\/en\/wp-json\/wp\/v2\/media?parent=2278"}],"curies":[{"name":"wp","href":"https:\/\/api.w.org\/{rel}","templated":true}]}}