{"id":2387,"date":"2017-02-16T17:04:26","date_gmt":"2017-02-16T15:04:26","guid":{"rendered":"https:\/\/xfire.ee\/product\/vip-show\/"},"modified":"2022-12-09T14:02:35","modified_gmt":"2022-12-09T12:02:35","slug":"vip-show","status":"publish","type":"product","link":"https:\/\/xfire.ee\/en\/product\/vip-show\/","title":{"rendered":"VIP SHOW"},"content":{"rendered":"<p>V\u00e4ga ere, t\u00f5esti v\u00e4ga ere ilutulestik! Paljud haruldasi efekte. See on ootamatu erinevatesse suundadesse paiskuv mitmev\u00e4rvilised lehvikulised komeedid, mille finaal katab kogu taeva. Kogu l\u00f5bu kestab 50 sekundit.<\/p>\n<p>Vaadake! V\u00f5ibolla on see Teie lemmik?<\/p>\n","protected":false},"excerpt":{"rendered":"<p>V\u00e4ga ere, t\u00f5esti v\u00e4ga ere ilutulestik! Paljud haruldasi efekte. See on ootamatu erinevatesse suundadesse paiskuv mitmev\u00e4rvilised lehvikulised komeedid, mille finaal katab kogu taeva. Kogu l\u00f5bu kestab 50 sekundit. Vaadake! V\u00f5ibolla on see Teie lemmik?<\/p>\n","protected":false},"featured_media":4398,"comment_status":"open","ping_status":"closed","template":"","meta":[],"class_list":["post-2387","product","type-product","status-publish","has-post-thumbnail","hentry","product_cat-2-70e-en"],"acf":[],"aioseo_notices":[],"_links":{"self":[{"href":"https:\/\/xfire.ee\/en\/wp-json\/wp\/v2\/product\/2387","targetHints":{"allow":["GET"]}}],"collection":[{"href":"https:\/\/xfire.ee\/en\/wp-json\/wp\/v2\/product"}],"about":[{"href":"https:\/\/xfire.ee\/en\/wp-json\/wp\/v2\/types\/product"}],"replies":[{"embeddable":true,"href":"https:\/\/xfire.ee\/en\/wp-json\/wp\/v2\/comments?post=2387"}],"wp:featuredmedia":[{"embeddable":true,"href":"https:\/\/xfire.ee\/en\/wp-json\/wp\/v2\/media\/4398"}],"wp:attachment":[{"href":"https:\/\/xfire.ee\/en\/wp-json\/wp\/v2\/media?parent=2387"}],"curies":[{"name":"wp","href":"https:\/\/api.w.org\/{rel}","templated":true}]}}