{"id":2389,"date":"2017-02-16T16:52:08","date_gmt":"2017-02-16T14:52:08","guid":{"rendered":"https:\/\/xfire.ee\/product\/fantazy\/"},"modified":"2021-10-06T13:10:09","modified_gmt":"2021-10-06T10:10:09","slug":"fantazy","status":"publish","type":"product","link":"https:\/\/xfire.ee\/en\/product\/fantazy\/","title":{"rendered":"FANTAZY"},"content":{"rendered":"<p>200 lasuga tulev\u00e4rk! \u270c\ufe0f Neile, kes hindavad tempokat ilutulestikku!<br \/>\n<br \/> <br \/>\nV\u00e4ga d\u00fcnaamilised v\u00e4rvilised lasud panevad isegi t\u00e4iskasvanu vaimustusest \u00f5hku ahmima. Seeria v\u00e4ljub lehvikutena, mis katavad teie pea kohal kogu taeva. Te ei m\u00e4rkagi, kuidas poolteist minutit m\u00f6\u00f6da saavad.<br \/>\n<br \/> <br \/>\nOstu tehes anname teile kindlasti teada, kuidas patarei \u00f5igesti paika panna ja kuhu s\u00e4ttida pealtvaatajad, et kogu uhke tuleetendus taevas neile n\u00e4ha oleks.\ud83d\udcaa<\/p>\n","protected":false},"excerpt":{"rendered":"<p>200 lasuga tulev\u00e4rk! \u270c\ufe0f Neile, kes hindavad tempokat ilutulestikku! V\u00e4ga d\u00fcnaamilised v\u00e4rvilised lasud panevad isegi t\u00e4iskasvanu vaimustusest \u00f5hku ahmima. Seeria v\u00e4ljub lehvikutena, mis katavad teie pea kohal kogu taeva. Te ei m\u00e4rkagi, kuidas poolteist minutit m\u00f6\u00f6da saavad. Ostu tehes anname teile kindlasti teada, kuidas patarei \u00f5igesti paika panna ja kuhu s\u00e4ttida pealtvaatajad, et kogu uhke [&hellip;]<\/p>\n","protected":false},"featured_media":1892,"comment_status":"open","ping_status":"closed","template":"","meta":[],"class_list":["post-2389","product","type-product","status-publish","has-post-thumbnail","hentry","product_cat-200-400e-en","product_cat-70-200e-en","product_cat-wedding"],"acf":[],"aioseo_notices":[],"_links":{"self":[{"href":"https:\/\/xfire.ee\/en\/wp-json\/wp\/v2\/product\/2389","targetHints":{"allow":["GET"]}}],"collection":[{"href":"https:\/\/xfire.ee\/en\/wp-json\/wp\/v2\/product"}],"about":[{"href":"https:\/\/xfire.ee\/en\/wp-json\/wp\/v2\/types\/product"}],"replies":[{"embeddable":true,"href":"https:\/\/xfire.ee\/en\/wp-json\/wp\/v2\/comments?post=2389"}],"wp:featuredmedia":[{"embeddable":true,"href":"https:\/\/xfire.ee\/en\/wp-json\/wp\/v2\/media\/1892"}],"wp:attachment":[{"href":"https:\/\/xfire.ee\/en\/wp-json\/wp\/v2\/media?parent=2389"}],"curies":[{"name":"wp","href":"https:\/\/api.w.org\/{rel}","templated":true}]}}