{"id":3098,"date":"2020-11-11T13:42:36","date_gmt":"2020-11-11T11:42:36","guid":{"rendered":"https:\/\/xfire.ee\/?post_type=product&#038;p=3098"},"modified":"2020-12-25T00:14:41","modified_gmt":"2020-12-24T22:14:41","slug":"volu-oo","status":"publish","type":"product","link":"https:\/\/xfire.ee\/en\/product\/volu-oo\/","title":{"rendered":"V\u00f5lu \u00f6\u00f6"},"content":{"rendered":"<p>Quiet and beautiful effects. The videos release three products in three directions.<\/p>\n","protected":false},"excerpt":{"rendered":"<p>Quiet and beautiful effects. The videos release three products in three directions.<\/p>\n","protected":false},"featured_media":3094,"comment_status":"closed","ping_status":"closed","template":"","meta":[],"class_list":["post-3098","product","type-product","status-publish","has-post-thumbnail","hentry","product_cat-2-70e-en","product_cat-70-200e-en"],"acf":[],"aioseo_notices":[],"_links":{"self":[{"href":"https:\/\/xfire.ee\/en\/wp-json\/wp\/v2\/product\/3098","targetHints":{"allow":["GET"]}}],"collection":[{"href":"https:\/\/xfire.ee\/en\/wp-json\/wp\/v2\/product"}],"about":[{"href":"https:\/\/xfire.ee\/en\/wp-json\/wp\/v2\/types\/product"}],"replies":[{"embeddable":true,"href":"https:\/\/xfire.ee\/en\/wp-json\/wp\/v2\/comments?post=3098"}],"wp:featuredmedia":[{"embeddable":true,"href":"https:\/\/xfire.ee\/en\/wp-json\/wp\/v2\/media\/3094"}],"wp:attachment":[{"href":"https:\/\/xfire.ee\/en\/wp-json\/wp\/v2\/media?parent=3098"}],"curies":[{"name":"wp","href":"https:\/\/api.w.org\/{rel}","templated":true}]}}