{"id":5977,"date":"2023-11-30T08:54:53","date_gmt":"2023-11-30T06:54:53","guid":{"rendered":"https:\/\/xfire.ee\/?post_type=product&#038;p=5977"},"modified":"2025-12-08T01:24:50","modified_gmt":"2025-12-07T23:24:50","slug":"big-star-friend","status":"publish","type":"product","link":"https:\/\/xfire.ee\/en\/product\/big-star-friend\/","title":{"rendered":"Big Star (Friend)"},"content":{"rendered":"<p>Kui t\u00e4hed \ud83c\udf1f s\u00fctivad, on see kellelegi ju vajalik! Ja arvake \u00e4ra, kellele?<\/p>\n<p>T\u00f5eline superstaar ei oota t\u00e4he langemist, et soov t\u00e4ide l\u00e4heks: ta s\u00fc\u00fctab need ise!<\/p>\n<p>P\u00f5letame siis!<\/p>\n","protected":false},"excerpt":{"rendered":"<p>Kui t\u00e4hed \ud83c\udf1f s\u00fctivad, on see kellelegi ju vajalik! Ja arvake \u00e4ra, kellele? T\u00f5eline superstaar ei oota t\u00e4he langemist, et soov t\u00e4ide l\u00e4heks: ta s\u00fc\u00fctab need ise! P\u00f5letame siis!<\/p>\n","protected":false},"featured_media":3086,"comment_status":"closed","ping_status":"closed","template":"","meta":[],"class_list":["post-5977","product","type-product","status-publish","has-post-thumbnail","hentry","product_cat-friend"],"acf":[],"aioseo_notices":[],"_links":{"self":[{"href":"https:\/\/xfire.ee\/en\/wp-json\/wp\/v2\/product\/5977","targetHints":{"allow":["GET"]}}],"collection":[{"href":"https:\/\/xfire.ee\/en\/wp-json\/wp\/v2\/product"}],"about":[{"href":"https:\/\/xfire.ee\/en\/wp-json\/wp\/v2\/types\/product"}],"replies":[{"embeddable":true,"href":"https:\/\/xfire.ee\/en\/wp-json\/wp\/v2\/comments?post=5977"}],"wp:featuredmedia":[{"embeddable":true,"href":"https:\/\/xfire.ee\/en\/wp-json\/wp\/v2\/media\/3086"}],"wp:attachment":[{"href":"https:\/\/xfire.ee\/en\/wp-json\/wp\/v2\/media?parent=5977"}],"curies":[{"name":"wp","href":"https:\/\/api.w.org\/{rel}","templated":true}]}}