{"id":7185,"date":"2024-12-26T18:39:18","date_gmt":"2024-12-26T16:39:18","guid":{"rendered":"https:\/\/xfire.ee\/product\/taeva-tants-friend\/"},"modified":"2025-11-29T19:22:36","modified_gmt":"2025-11-29T17:22:36","slug":"taeva-tants-friend","status":"publish","type":"product","link":"https:\/\/xfire.ee\/en\/product\/taeva-tants-friend\/","title":{"rendered":"Taeva tants (Friend)"},"content":{"rendered":"<p>Ilutulestik, mis oli detsembri 2 n\u00e4dala jooksul t\u00e4ielikult v\u00e4lja m\u00fc\u00fcdud, on taas laos.<\/p>\n<p>Selles tootes on k\u00f5ik t\u00e4iuslik! V\u00e4rvid, kompositsioon, k\u00f5rgus, efektid, tempo.<\/p>\n","protected":false},"excerpt":{"rendered":"<p>Ilutulestik, mis oli detsembri 2 n\u00e4dala jooksul t\u00e4ielikult v\u00e4lja m\u00fc\u00fcdud, on taas laos. Selles tootes on k\u00f5ik t\u00e4iuslik! V\u00e4rvid, kompositsioon, k\u00f5rgus, efektid, tempo.<\/p>\n","protected":false},"featured_media":1926,"comment_status":"closed","ping_status":"closed","template":"","meta":[],"class_list":["post-7185","product","type-product","status-publish","has-post-thumbnail","hentry","product_cat-friend"],"acf":[],"aioseo_notices":[],"_links":{"self":[{"href":"https:\/\/xfire.ee\/en\/wp-json\/wp\/v2\/product\/7185","targetHints":{"allow":["GET"]}}],"collection":[{"href":"https:\/\/xfire.ee\/en\/wp-json\/wp\/v2\/product"}],"about":[{"href":"https:\/\/xfire.ee\/en\/wp-json\/wp\/v2\/types\/product"}],"replies":[{"embeddable":true,"href":"https:\/\/xfire.ee\/en\/wp-json\/wp\/v2\/comments?post=7185"}],"wp:featuredmedia":[{"embeddable":true,"href":"https:\/\/xfire.ee\/en\/wp-json\/wp\/v2\/media\/1926"}],"wp:attachment":[{"href":"https:\/\/xfire.ee\/en\/wp-json\/wp\/v2\/media?parent=7185"}],"curies":[{"name":"wp","href":"https:\/\/api.w.org\/{rel}","templated":true}]}}