{"id":7486,"date":"2025-11-27T21:23:15","date_gmt":"2025-11-27T19:23:15","guid":{"rendered":"https:\/\/xfire.ee\/product\/rock-star-black-friday\/"},"modified":"2025-12-01T01:15:01","modified_gmt":"2025-11-30T23:15:01","slug":"rock-star-black-friday","status":"publish","type":"product","link":"https:\/\/xfire.ee\/en\/product\/rock-star-black-friday\/","title":{"rendered":"Rockstar (FRENDS)"},"content":{"rendered":"<p>Kuid miks mitte hakata teisaldatava taevase Hard Rock Laagri produtsendiks?<\/p>\n<p>Kindlasti saadab teid edu: enne taevasse sattumist s\u00fcttivad t\u00e4hed maal \ud83c\udf1f<\/p>\n<p>Rokk-vabadus-superstaar!!<\/p>\n<p>\ud83d\udca5 Siin seisnebki v\u00e4gi ja \u0161abloonide t\u00e4ielik purunemine &#8230; 44 plahvatust!<\/p>\n<p>Ahoi, Freddie, Elvis! Saluut! \ud83c\udf87<\/p>\n","protected":false},"excerpt":{"rendered":"<p>Kuid miks mitte hakata teisaldatava taevase Hard Rock Laagri produtsendiks? Kindlasti saadab teid edu: enne taevasse sattumist s\u00fcttivad t\u00e4hed maal \ud83c\udf1f Rokk-vabadus-superstaar!! \ud83d\udca5 Siin seisnebki v\u00e4gi ja \u0161abloonide t\u00e4ielik purunemine &#8230; 44 plahvatust! Ahoi, Freddie, Elvis! Saluut! \ud83c\udf87<\/p>\n","protected":false},"featured_media":4275,"comment_status":"closed","ping_status":"closed","template":"","meta":[],"class_list":["post-7486","product","type-product","status-publish","has-post-thumbnail","hentry","product_cat-friend"],"acf":[],"aioseo_notices":[],"_links":{"self":[{"href":"https:\/\/xfire.ee\/en\/wp-json\/wp\/v2\/product\/7486","targetHints":{"allow":["GET"]}}],"collection":[{"href":"https:\/\/xfire.ee\/en\/wp-json\/wp\/v2\/product"}],"about":[{"href":"https:\/\/xfire.ee\/en\/wp-json\/wp\/v2\/types\/product"}],"replies":[{"embeddable":true,"href":"https:\/\/xfire.ee\/en\/wp-json\/wp\/v2\/comments?post=7486"}],"wp:featuredmedia":[{"embeddable":true,"href":"https:\/\/xfire.ee\/en\/wp-json\/wp\/v2\/media\/4275"}],"wp:attachment":[{"href":"https:\/\/xfire.ee\/en\/wp-json\/wp\/v2\/media?parent=7486"}],"curies":[{"name":"wp","href":"https:\/\/api.w.org\/{rel}","templated":true}]}}