{"id":3122,"date":"2020-11-15T17:20:31","date_gmt":"2020-11-15T15:20:31","guid":{"rendered":"https:\/\/xfire.ee\/?post_type=product&#038;p=3122"},"modified":"2021-11-01T21:19:49","modified_gmt":"2021-11-01T19:19:49","slug":"susser-musser","status":"publish","type":"product","link":"https:\/\/xfire.ee\/ru\/product\/susser-musser\/","title":{"rendered":"Susser Musser"},"content":{"rendered":"<p>\u041a\u043b\u0430\u0441\u0441\u043d\u044b\u0439 \u043d\u0430\u0431\u043e\u0440 \u0434\u043b\u044f \u044e\u043d\u043e\u0433\u043e \u043f\u0438\u0440\u043e\u0442\u0435\u0445\u043d\u0438\u043a\u0430. \u0412 \u043d\u0430\u0431\u043e\u0440 \u0432\u0445\u043e\u0434\u0438\u0442 6 \u0442\u043e\u0432\u0430\u0440\u043e\u0432.<\/p>\n<p>S\u00e4rin, Strobo v\u00e4lk, Kerav\u00e4lk, K\u00e4rtsupommid, Paugu pr\u00f5ksud\u00a0 2\u0448\u0442<\/p>\n","protected":false},"excerpt":{"rendered":"<p>\u041a\u043b\u0430\u0441\u0441\u043d\u044b\u0439 \u043d\u0430\u0431\u043e\u0440 \u0434\u043b\u044f \u044e\u043d\u043e\u0433\u043e \u043f\u0438\u0440\u043e\u0442\u0435\u0445\u043d\u0438\u043a\u0430. \u0412 \u043d\u0430\u0431\u043e\u0440 \u0432\u0445\u043e\u0434\u0438\u0442 6 \u0442\u043e\u0432\u0430\u0440\u043e\u0432. S\u00e4rin, Strobo v\u00e4lk, Kerav\u00e4lk, K\u00e4rtsupommid, Paugu pr\u00f5ksud\u00a0 2\u0448\u0442<\/p>\n","protected":false},"featured_media":3123,"comment_status":"closed","ping_status":"closed","template":"","meta":[],"class_list":["post-3122","product","type-product","status-publish","has-post-thumbnail","hentry","product_cat-vaike"],"acf":[],"aioseo_notices":[],"_links":{"self":[{"href":"https:\/\/xfire.ee\/ru\/wp-json\/wp\/v2\/product\/3122","targetHints":{"allow":["GET"]}}],"collection":[{"href":"https:\/\/xfire.ee\/ru\/wp-json\/wp\/v2\/product"}],"about":[{"href":"https:\/\/xfire.ee\/ru\/wp-json\/wp\/v2\/types\/product"}],"replies":[{"embeddable":true,"href":"https:\/\/xfire.ee\/ru\/wp-json\/wp\/v2\/comments?post=3122"}],"wp:featuredmedia":[{"embeddable":true,"href":"https:\/\/xfire.ee\/ru\/wp-json\/wp\/v2\/media\/3123"}],"wp:attachment":[{"href":"https:\/\/xfire.ee\/ru\/wp-json\/wp\/v2\/media?parent=3122"}],"curies":[{"name":"wp","href":"https:\/\/api.w.org\/{rel}","templated":true}]}}