{"id":7510,"date":"2025-11-27T22:10:45","date_gmt":"2025-11-27T20:10:45","guid":{"rendered":"https:\/\/xfire.ee\/product\/pidupaeva-saluut-copy\/"},"modified":"2025-12-01T02:32:28","modified_gmt":"2025-12-01T00:32:28","slug":"pidupaeva-saluut-copy","status":"publish","type":"product","link":"https:\/\/xfire.ee\/ru\/product\/pidupaeva-saluut-copy\/","title":{"rendered":"Pidup\u00e4eva saluut (FRENDS)"},"content":{"rendered":"<p>Vaat nii on vaja uut aastat tervitada!<\/p>\n<p>&nbsp;<\/p>\n<p>Lennaku k\u00f5ik halb kuldsete rakettide s\u00e4rinal taeva poole ja meie peale sadagu heldelt erksat k\u00fcllusevihma ja s\u00e4delevat taevamannat!<\/p>\n<p>&nbsp;<\/p>\n<p>Saluut, kaasmaalased!<\/p>\n","protected":false},"excerpt":{"rendered":"<p>Vaat nii on vaja uut aastat tervitada! &nbsp; Lennaku k\u00f5ik halb kuldsete rakettide s\u00e4rinal taeva poole ja meie peale sadagu heldelt erksat k\u00fcllusevihma ja s\u00e4delevat taevamannat! &nbsp; Saluut, kaasmaalased!<\/p>\n","protected":false},"featured_media":648,"comment_status":"closed","ping_status":"closed","template":"","meta":[],"class_list":["post-7510","product","type-product","status-publish","has-post-thumbnail","hentry","product_cat-drug"],"acf":[],"aioseo_notices":[],"_links":{"self":[{"href":"https:\/\/xfire.ee\/ru\/wp-json\/wp\/v2\/product\/7510","targetHints":{"allow":["GET"]}}],"collection":[{"href":"https:\/\/xfire.ee\/ru\/wp-json\/wp\/v2\/product"}],"about":[{"href":"https:\/\/xfire.ee\/ru\/wp-json\/wp\/v2\/types\/product"}],"replies":[{"embeddable":true,"href":"https:\/\/xfire.ee\/ru\/wp-json\/wp\/v2\/comments?post=7510"}],"wp:featuredmedia":[{"embeddable":true,"href":"https:\/\/xfire.ee\/ru\/wp-json\/wp\/v2\/media\/648"}],"wp:attachment":[{"href":"https:\/\/xfire.ee\/ru\/wp-json\/wp\/v2\/media?parent=7510"}],"curies":[{"name":"wp","href":"https:\/\/api.w.org\/{rel}","templated":true}]}}